{"id":20254,"date":"2023-04-12T08:56:26","date_gmt":"2023-04-12T06:56:26","guid":{"rendered":"https:\/\/clients.seamaid-lighting.com\/?page_id=20254"},"modified":"2023-04-14T11:34:42","modified_gmt":"2023-04-14T09:34:42","slug":"recompense-fidelite","status":"publish","type":"page","link":"https:\/\/clients.seamaid-lighting.com\/de\/recompense-fidelite\/","title":{"rendered":"Belohnung f\u00fcr Treue"},"content":{"rendered":"\n<p>Sie haben k\u00fcrzlich SEAMAID-Produkte gekauft und m\u00f6chten diese registrieren? Halten Sie Ihre Kaufrechnung bereit, auf der das\/die SEAMAID-Produkt\/e aufgef\u00fchrt ist\/sind, und f\u00fcllen Sie die nachstehenden Felder aus, um sie zu speichern. Registriere so viele SEAMAID-Produkte wie m\u00f6glich, um Zugang zu den gr\u00f6\u00dften Belohnungen zu erhalten!<\/p>\n\n\n\n<p>*Alle Felder sind Pflichtfelder. Achten Sie darauf, dass Ihre Kaufrechnung ausreichend lesbar ist. <\/p>\n\n\n\n<div style=\"height:30px\" aria-hidden=\"true\" class=\"wp-block-spacer\"><\/div>\n\n\n\n<hr class=\"wp-block-separator\"\/>\n\n\n\n<p><\/p>\n","protected":false},"excerpt":{"rendered":"Sie haben k\u00fcrzlich SEAMAID-Produkte gekauft und m\u00f6chten diese registrieren? Halten Sie Ihre Kaufrechnung bereit, auf der das\/die SEAMAID-Produkt\/e aufgef\u00fchrt ist\/sind, und f\u00fcllen Sie die nachstehenden Felder aus, um sie zu speichern. Registriere so viele SEAMAID-Produkte wie m\u00f6glich, um Zugang zu den gr\u00f6\u00dften Belohnungen zu erhalten! *Alle Felder sind Pflichtfelder. Achten Sie darauf, dass Ihre Kaufrechnung&#8230; <a class=\"view-article\" href=\"https:\/\/clients.seamaid-lighting.com\/de\/recompense-fidelite\/\">Artikel ansehen<\/a>","protected":false},"author":1882,"featured_media":20102,"parent":0,"menu_order":0,"comment_status":"closed","ping_status":"closed","template":"template-espace-fidelite.php","meta":[],"_links":{"self":[{"href":"https:\/\/clients.seamaid-lighting.com\/de\/wp-json\/wp\/v2\/pages\/20254"}],"collection":[{"href":"https:\/\/clients.seamaid-lighting.com\/de\/wp-json\/wp\/v2\/pages"}],"about":[{"href":"https:\/\/clients.seamaid-lighting.com\/de\/wp-json\/wp\/v2\/types\/page"}],"author":[{"embeddable":true,"href":"https:\/\/clients.seamaid-lighting.com\/de\/wp-json\/wp\/v2\/users\/1882"}],"replies":[{"embeddable":true,"href":"https:\/\/clients.seamaid-lighting.com\/de\/wp-json\/wp\/v2\/comments?post=20254"}],"version-history":[{"count":1,"href":"https:\/\/clients.seamaid-lighting.com\/de\/wp-json\/wp\/v2\/pages\/20254\/revisions"}],"predecessor-version":[{"id":20256,"href":"https:\/\/clients.seamaid-lighting.com\/de\/wp-json\/wp\/v2\/pages\/20254\/revisions\/20256"}],"wp:featuredmedia":[{"embeddable":true,"href":"https:\/\/clients.seamaid-lighting.com\/de\/wp-json\/wp\/v2\/media\/20102"}],"wp:attachment":[{"href":"https:\/\/clients.seamaid-lighting.com\/de\/wp-json\/wp\/v2\/media?parent=20254"}],"curies":[{"name":"wp","href":"https:\/\/api.w.org\/{rel}","templated":true}]}}