{"id":20529,"date":"2023-04-21T09:54:31","date_gmt":"2023-04-21T07:54:31","guid":{"rendered":"https:\/\/clients.seamaid-lighting.com\/?page_id=20529"},"modified":"2023-05-26T16:49:19","modified_gmt":"2023-05-26T14:49:19","slug":"treueprogramm-2","status":"publish","type":"page","link":"https:\/\/clients.seamaid-lighting.com\/de\/treueprogramm-2\/","title":{"rendered":"Treueprogramm"},"content":{"rendered":"<hr style=\"border: 1px solid lightgray;\">\n<h3>&nbsp;<\/h3>\n<h2 style=\"text-align: center;\">Wenn Sie Pools bauen, renovieren oder pflegen oder Pool-Ausr\u00fcstungen wie LED-Beleuchtungen installieren, ist dieses Programm genau das, wonach Sie suchen!<\/h2>\n\n\n<div style=\"height:30px\" aria-hidden=\"true\" class=\"wp-block-spacer\"><\/div>\n\n\n\n<div class=\"wp-block-columns are-vertically-aligned-center\">\n<div class=\"wp-block-column is-vertically-aligned-center\">\n<div class=\"wp-block-image is-style-default\"><figure class=\"aligncenter size-large is-resized\"><a href=\"https:\/\/clients.seamaid-lighting.com\/pdf\/Liste_recompense_DE.pdf\"><img loading=\"lazy\" src=\"https:\/\/clients.seamaid-lighting.com\/wp-content\/uploads\/2023\/04\/Depositphotos_67088559_DS-700x453.jpg\" alt=\"\" class=\"wp-image-20085\" width=\"525\" height=\"340\" srcset=\"https:\/\/clients.seamaid-lighting.com\/wp-content\/uploads\/2023\/04\/Depositphotos_67088559_DS-700x453.jpg 700w, https:\/\/clients.seamaid-lighting.com\/wp-content\/uploads\/2023\/04\/Depositphotos_67088559_DS-300x194.jpg 300w, https:\/\/clients.seamaid-lighting.com\/wp-content\/uploads\/2023\/04\/Depositphotos_67088559_DS-768x497.jpg 768w, https:\/\/clients.seamaid-lighting.com\/wp-content\/uploads\/2023\/04\/Depositphotos_67088559_DS-1536x994.jpg 1536w, https:\/\/clients.seamaid-lighting.com\/wp-content\/uploads\/2023\/04\/Depositphotos_67088559_DS-2048x1325.jpg 2048w, https:\/\/clients.seamaid-lighting.com\/wp-content\/uploads\/2023\/04\/Depositphotos_67088559_DS-1920x1242.jpg 1920w, https:\/\/clients.seamaid-lighting.com\/wp-content\/uploads\/2023\/04\/Depositphotos_67088559_DS-120x78.jpg 120w\" sizes=\"(max-width: 525px) 100vw, 525px\" \/><\/a><\/figure><\/div>\n\n\n\n<div class=\"wp-block-buttons aligncenter\">\n<div class=\"wp-block-button\"><a class=\"wp-block-button__link has-white-color has-text-color has-background\" href=\"https:\/\/clients.seamaid-lighting.com\/pdf\/Products_loyalty_program.pdf\" style=\"border-radius:6px;background:linear-gradient(135deg,rgb(234,126,118) 0%,rgb(234,80,69) 100%)\">Produkte, die f\u00fcr das Treueprogramm in Frage kommen<\/a><\/div>\n\n\n\n<div class=\"wp-block-button\"><a class=\"wp-block-button__link has-white-color has-text-color has-background\" href=\"https:\/\/clients.seamaid-lighting.com\/pdf\/Liste_recompense_DE.pdf\" style=\"border-radius:6px;background:linear-gradient(135deg,rgb(234,126,118) 0%,rgb(234,80,69) 100%)\">Die Belohnungen des Treueprogramms<\/a><\/div>\n<\/div>\n<\/div>\n\n\n\n<div class=\"wp-block-column is-vertically-aligned-center\">\n<h3 class=\"has-text-align-center\">EIN TREUEPROGRAMM NUR F\u00dcR PROFIS?<\/h3>\n\n\n\n<p style=\"font-size:18px\">Da sich die meisten Treueprogramme nur an Endkunden richten, m\u00f6chte SEAMAID den Poolbauern und Landschaftsg\u00e4rtnern in ganz Europa mit seinem Programm danken.<\/p>\n\n\n\n<p style=\"font-size:18px\">Einige unter Ihnen installieren seit mehreren Jahren LED-Beleuchtungssysteme von SEAMAID. Dieses Programm wurde entwickelt, um Ihr Vertrauen und Ihre Treue zu belohnen. Sammeln Sie je nach Einkaufswert Treuepunkte, um diese anschlie\u00dfend in SEMAID-Produkte umzuwandeln.<\/p>\n\n\n\n<p style=\"font-size:18px\">Erhalten Sie Belohnungen, wie kostenlose Produkte, Geschenkgutscheine, Reisen und noch vieles mehr mit unserem Treueprogramm.<\/p>\n<\/div>\n<\/div>\n\n\n\n<div style=\"height:15px\" aria-hidden=\"true\" class=\"wp-block-spacer\"><\/div>\n\n\n\n<h3 class=\"has-text-align-center\"><strong>SIE SIND NOCH KEINE PROFIKUNDE VON SEAMAID, M\u00d6CHTEN JEDOCH AM TREUEPROGRAMM TEILHABEN?<\/strong><\/h3>\n\n\n\n<p style=\"font-size:18px\">Unser Treueprogramm richtet sich an alle Poolbauer, die Pools renovieren, pflegen oder Ausr\u00fcstungen \u2013 vor allem LED-Beleuchtungssysteme \u2013 in Europa installieren.<\/p>\n\n\n\n<p style=\"font-size:18px\">Z\u00f6gern Sie nicht mehr und treten Sie der Pro-Community von SEAMAID bei!<\/p>\n\n\n\n<figure class=\"wp-block-pullquote is-style-default\" style=\"border-color:#0693e3\"><blockquote class=\"has-text-color has-vivid-cyan-blue-color\"><p><strong>Die Produkte des Marktf\u00fchrers im Bereich der LED-Beleuchtungssysteme f\u00fcr Garten- und Poolanlagen SEAMAID stehen f\u00fcr Zuverl\u00e4ssigkeit, einfache Installation sowie Verwendung, und werden den Anspr\u00fcchen der europ\u00e4ischen Richtlinien!<\/strong><\/p><\/blockquote><\/figure>\n\n\n\n<h3 class=\"has-text-align-center\"><strong>WIE FUNKTIONIERT DAS TREUEPROGRAMM?<\/strong><\/h3>\n\n\n\n<p style=\"font-size:18px\">Die vom Treueprogramm betroffenen Produkte bieten je nach Wert eine gewisse Menge an Treuepunkten.<\/p>\n\n\n\n<p class=\"has-vivid-cyan-blue-color has-text-color\" style=\"font-size:18px\"><em><a href=\"https:\/\/clients.seamaid-lighting.com\/pdf\/Products_loyalty_program.pdf\">Sehen Sie sich die Liste der Produkte an, die f\u00fcr das Treueprogramm in Frage kommen.<\/a><\/em><\/p>\n\n\n\n<p style=\"font-size:18px\">Beim Kauf dieser SEMAID-Produkte bei Ihrem H\u00e4ndler, und nach der Registrierung dieser auf der SEMAID-Website, werden Ihnen die entsprechenden Treuepunkte gutgeschrieben.<\/p>\n\n\n\n<p style=\"font-size:18px\">Sie k\u00f6nnen diese anschlie\u00dfend im Handumdrehen in Geschenke umtauschen oder weiter sammeln, um sich gr\u00f6\u00dfere Preise zu sichern. Sie haben die Wahl!<\/p>\n\n\n\n<figure class=\"wp-block-pullquote\" style=\"border-color:#0693e3\"><blockquote class=\"has-text-color has-vivid-cyan-blue-color\"><p><strong>Sammeln Sie Treuepunkte ab dem ersten Kauf!<\/strong><\/p><\/blockquote><\/figure>\n\n\n\n<h3 class=\"has-text-align-center\"><strong>WIE KANN ICH AM SEAMAID-TREUEPROGRAMM TEILNEHMEN?<\/strong><\/h3>\n\n\n\n<p class=\"has-medium-font-size\"><strong><span class=\"has-inline-color has-vivid-cyan-blue-color\"><strong>1 )<\/strong><\/span><\/strong><span class=\"has-inline-color has-black-color\">&nbsp;<strong>Klicken Sie auf der Website den Tab <\/strong>\u201eKundenservice\u201c und anschlie\u00dfend auf \u201eTreue\u201c.<\/span><\/p>\n\n\n\n<p class=\"has-medium-font-size\"><span class=\"has-inline-color has-vivid-cyan-blue-color\"><strong><strong>2 )<\/strong><\/strong><\/span><span class=\"has-inline-color has-black-color\">&nbsp;<strong>Klicken Sie auf <\/strong>\u201eBeitreten\u201c und melden Sie sich mit Ihren Pro-Logindaten an.<\/span><\/p>\n\n\n\n<p class=\"has-medium-font-size\"><strong><span class=\"has-inline-color has-vivid-cyan-blue-color\"><strong>3 )<\/strong><\/span><\/strong><span class=\"has-inline-color has-black-color\">&nbsp;<strong>Klicken Sie<\/strong> links im Men\u00fc auf \u201eMein Treueprogramm\u201c.<\/span><\/p>\n\n\n\n<p class=\"has-medium-font-size\"><strong><span class=\"has-inline-color has-vivid-cyan-blue-color\">4 ) <\/span><strong>Klicken Sie auf <\/strong><\/strong>\u201eMeine Produkte registrieren\u201c.<\/p>\n\n\n\n<p class=\"has-medium-font-size\"><strong><span class=\"has-inline-color has-vivid-cyan-blue-color\">5 ) <\/span><\/strong>F\u00fcllen Sie alle Pflichtfelder aus und vergessen Sie nicht, Ihren Kaufbeleg beizuf\u00fcgen, um Ihre Anfrage abzuschlie\u00dfen (1&nbsp;Rechnung = 1&nbsp;Registrierung).<\/p>\n\n\n\n<div style=\"height:40px\" aria-hidden=\"true\" class=\"wp-block-spacer\"><\/div>\n\n\n\n<div class=\"wp-block-columns are-vertically-aligned-center\">\n<div class=\"wp-block-column is-vertically-aligned-center\">\n<h3 class=\"has-text-align-center\"><strong><strong>TREUEPUNKTE GANZ EINFACH EINTAUSCHEN!<\/strong><\/strong><\/h3>\n\n\n\n<p style=\"font-size:18px\">Sobald Sie sich mit Ihren Pro-Logindaten auf der SEAMAID-Website angemeldet haben, k\u00f6nnen Sie Ihre gesammelten Treuepunkte anzeigen.<\/p>\n\n\n\n<p style=\"font-size:18px\">Klicken Sie in Ihrem pers\u00f6nlichen Bereich auf \u201eMein Treueprogramm\u201c und w\u00e4hlen Sie \u201eMeine Punkte einl\u00f6sen\u201c. W\u00e4hlen Sie je nach Anzahl der Treuepunkte in der angezeigten Liste das Geschenk Ihrer Wahl aus.<\/p>\n\n\n\n<p style=\"font-size:18px\">Klicken Sie auf \u201eBeschreibung anzeigen\u201c, um mehr zu Ihrem Geschenk zu erfahren. Sollte Ihnen dieses zusagen, klicken Sie auf \u201e<em>Dieses Produkt anfragen<\/em>\u201c und anschlie\u00dfend auf \u201e<em>Best\u00e4tigen<\/em>\u201c.<\/p>\n<\/div>\n\n\n\n<div class=\"wp-block-column is-vertically-aligned-center\">\n<div class=\"wp-block-image\"><figure class=\"aligncenter size-large is-resized\"><img loading=\"lazy\" src=\"https:\/\/clients.seamaid-lighting.com\/wp-content\/uploads\/2023\/04\/AdobeStock_535771793-copie-700x568.jpg\" alt=\"\" class=\"wp-image-20092\" width=\"525\" height=\"426\" srcset=\"https:\/\/clients.seamaid-lighting.com\/wp-content\/uploads\/2023\/04\/AdobeStock_535771793-copie-700x568.jpg 700w, https:\/\/clients.seamaid-lighting.com\/wp-content\/uploads\/2023\/04\/AdobeStock_535771793-copie-300x243.jpg 300w, https:\/\/clients.seamaid-lighting.com\/wp-content\/uploads\/2023\/04\/AdobeStock_535771793-copie-768x623.jpg 768w, https:\/\/clients.seamaid-lighting.com\/wp-content\/uploads\/2023\/04\/AdobeStock_535771793-copie-1536x1246.jpg 1536w, https:\/\/clients.seamaid-lighting.com\/wp-content\/uploads\/2023\/04\/AdobeStock_535771793-copie-2048x1661.jpg 2048w, https:\/\/clients.seamaid-lighting.com\/wp-content\/uploads\/2023\/04\/AdobeStock_535771793-copie-1920x1557.jpg 1920w, https:\/\/clients.seamaid-lighting.com\/wp-content\/uploads\/2023\/04\/AdobeStock_535771793-copie-120x97.jpg 120w\" sizes=\"(max-width: 525px) 100vw, 525px\" \/><\/figure><\/div>\n<\/div>\n<\/div>\n\n\n\n<figure class=\"wp-block-pullquote\" style=\"border-color:#0693e3\"><blockquote class=\"has-text-color has-vivid-cyan-blue-color\"><p><strong>Je mehr Punkte Sie haben, desto gr\u00f6\u00dfere Preise k\u00f6nnen Sie sich sichern! <a href=\"https:\/\/clients.seamaid-lighting.com\/pdf\/Liste_recompense_DE.pdf\">Entdecken Sie die Auszeichnungen<\/a><\/strong><\/p><\/blockquote><\/figure>\n\n\n\n<h3 class=\"has-text-align-center\"><strong>EINF\u00dcHRUNGSANGEBOT<\/strong><\/h3>\n\n\n\n<p style=\"font-size:18px\">Sie sind bereits Kunde bei SEAMAID und haben noch Ihre Rechnungen vom Jahr 2022?<\/p>\n\n\n\n<p style=\"font-size:18px\">Dann haben wir gute Nachrichten f\u00fcr Sie: Registrieren Sie Ihre gekauften Produkte und sichern Sie sich zus\u00e4tzliche Treuepunkte!<\/p>\n\n\n\n<p class=\"has-text-align-left\" style=\"font-size:18px\">Erstellen Sie ganz einfach und schnell Ihren Pro-Bereich und registrieren Sie sich f\u00fcr das SEAMAID-Treueprogramm!<\/p>\n\n\n\n<div style=\"height:70px\" aria-hidden=\"true\" class=\"wp-block-spacer\"><\/div>\n\n\n\n<div class=\"wp-block-buttons aligncenter\">\n<div class=\"wp-block-button is-style-fill fidelite-adherent\"><a class=\"wp-block-button__link has-white-color has-text-color has-background\" href=\"https:\/\/clients.seamaid-lighting.com\/de\/connexion\/\" style=\"border-radius:5px;background:linear-gradient(180deg,rgb(234,126,118) 0%,rgb(234,80,69) 100%)\"><strong>Beitreten<\/strong><\/a><\/div>\n\n\n\n<div class=\"wp-block-button is-style-fill fidelite-enregisteerproduit\"><a class=\"wp-block-button__link has-white-color has-text-color has-background\" href=\"https:\/\/clients.seamaid-lighting.com\/de\/recompense-fidelite\/\" style=\"border-radius:5px;background:linear-gradient(180deg,rgb(234,126,118) 0%,rgb(234,80,69) 100%)\"><strong>Meine Produkte speichern<\/strong><\/a><\/div>\n<\/div>\n\n\n\n<div style=\"height:250px\" aria-hidden=\"true\" class=\"wp-block-spacer\"><\/div>\n\n\n\n<p><\/p>\n","protected":false},"excerpt":{"rendered":"&nbsp; Wenn Sie Pools bauen, renovieren oder pflegen oder Pool-Ausr\u00fcstungen wie LED-Beleuchtungen installieren, ist dieses Programm genau das, wonach Sie suchen! EIN TREUEPROGRAMM NUR F\u00dcR PROFIS? Da sich die meisten Treueprogramme nur an Endkunden richten, m\u00f6chte SEAMAID den Poolbauern und Landschaftsg\u00e4rtnern in ganz Europa mit seinem Programm danken. Einige unter Ihnen installieren seit mehreren Jahren&#8230; <a class=\"view-article\" href=\"https:\/\/clients.seamaid-lighting.com\/de\/treueprogramm-2\/\">Artikel ansehen<\/a>","protected":false},"author":4578,"featured_media":20082,"parent":0,"menu_order":0,"comment_status":"closed","ping_status":"closed","template":"","meta":[],"_links":{"self":[{"href":"https:\/\/clients.seamaid-lighting.com\/de\/wp-json\/wp\/v2\/pages\/20529"}],"collection":[{"href":"https:\/\/clients.seamaid-lighting.com\/de\/wp-json\/wp\/v2\/pages"}],"about":[{"href":"https:\/\/clients.seamaid-lighting.com\/de\/wp-json\/wp\/v2\/types\/page"}],"author":[{"embeddable":true,"href":"https:\/\/clients.seamaid-lighting.com\/de\/wp-json\/wp\/v2\/users\/4578"}],"replies":[{"embeddable":true,"href":"https:\/\/clients.seamaid-lighting.com\/de\/wp-json\/wp\/v2\/comments?post=20529"}],"version-history":[{"count":4,"href":"https:\/\/clients.seamaid-lighting.com\/de\/wp-json\/wp\/v2\/pages\/20529\/revisions"}],"predecessor-version":[{"id":21941,"href":"https:\/\/clients.seamaid-lighting.com\/de\/wp-json\/wp\/v2\/pages\/20529\/revisions\/21941"}],"wp:featuredmedia":[{"embeddable":true,"href":"https:\/\/clients.seamaid-lighting.com\/de\/wp-json\/wp\/v2\/media\/20082"}],"wp:attachment":[{"href":"https:\/\/clients.seamaid-lighting.com\/de\/wp-json\/wp\/v2\/media?parent=20529"}],"curies":[{"name":"wp","href":"https:\/\/api.w.org\/{rel}","templated":true}]}}