{"id":20531,"date":"2023-04-21T11:05:11","date_gmt":"2023-04-21T09:05:11","guid":{"rendered":"https:\/\/clients.seamaid-lighting.com\/?page_id=20531"},"modified":"2023-05-26T17:00:04","modified_gmt":"2023-05-26T15:00:04","slug":"programa-fidelidad","status":"publish","type":"page","link":"https:\/\/clients.seamaid-lighting.com\/es\/programa-fidelidad\/","title":{"rendered":"Programa fidelidad"},"content":{"rendered":"<hr style=\"border: 1px solid lightgray;\">\n<h3>&nbsp;<\/h3>\n<h2 style=\"text-align: center;\">Independientemente de que usted construya, reforme, se ocupe del mantenimiento de piscinas y, en particular, de la iluminaci\u00f3n LED&#8230; \u00a1este programa es para usted!<\/h2>\n\n\n<div style=\"height:30px\" aria-hidden=\"true\" class=\"wp-block-spacer\"><\/div>\n\n\n\n<div class=\"wp-block-columns are-vertically-aligned-center\">\n<div class=\"wp-block-column is-vertically-aligned-center\">\n<div class=\"wp-block-image is-style-default\"><figure class=\"aligncenter size-large is-resized\"><a href=\"https:\/\/clients.seamaid-lighting.com\/pdf\/Liste_recompense_ES.pdf\"><img loading=\"lazy\" src=\"https:\/\/clients.seamaid-lighting.com\/wp-content\/uploads\/2023\/04\/Depositphotos_67088559_DS-700x453.jpg\" alt=\"\" class=\"wp-image-20085\" width=\"525\" height=\"340\" srcset=\"https:\/\/clients.seamaid-lighting.com\/wp-content\/uploads\/2023\/04\/Depositphotos_67088559_DS-700x453.jpg 700w, https:\/\/clients.seamaid-lighting.com\/wp-content\/uploads\/2023\/04\/Depositphotos_67088559_DS-300x194.jpg 300w, https:\/\/clients.seamaid-lighting.com\/wp-content\/uploads\/2023\/04\/Depositphotos_67088559_DS-768x497.jpg 768w, https:\/\/clients.seamaid-lighting.com\/wp-content\/uploads\/2023\/04\/Depositphotos_67088559_DS-1536x994.jpg 1536w, https:\/\/clients.seamaid-lighting.com\/wp-content\/uploads\/2023\/04\/Depositphotos_67088559_DS-2048x1325.jpg 2048w, https:\/\/clients.seamaid-lighting.com\/wp-content\/uploads\/2023\/04\/Depositphotos_67088559_DS-1920x1242.jpg 1920w, https:\/\/clients.seamaid-lighting.com\/wp-content\/uploads\/2023\/04\/Depositphotos_67088559_DS-120x78.jpg 120w\" sizes=\"(max-width: 525px) 100vw, 525px\" \/><\/a><\/figure><\/div>\n\n\n\n<div class=\"wp-block-buttons aligncenter\">\n<div class=\"wp-block-button\"><a class=\"wp-block-button__link has-white-color has-text-color has-background\" href=\"https:\/\/clients.seamaid-lighting.com\/pdf\/Products_loyalty_program.pdf\" style=\"border-radius:6px;background:linear-gradient(135deg,rgb(234,126,118) 0%,rgb(234,80,69) 100%)\">Productos que pueden acogerse al programa de fidelidad<\/a><\/div>\n\n\n\n<div class=\"wp-block-button\"><a class=\"wp-block-button__link has-background\" href=\"https:\/\/clients.seamaid-lighting.com\/pdf\/Liste_recompense_ES.pdf\" style=\"border-radius:6px;background:linear-gradient(135deg,rgb(234,126,118) 0%,rgb(234,80,69) 100%)\">Premios del programa de fidelizaci\u00f3n<\/a><\/div>\n<\/div>\n<\/div>\n\n\n\n<div class=\"wp-block-column is-vertically-aligned-center\">\n<h3 class=\"has-text-align-center\">\u00bfUN PROGRAMA DE FIDELIDAD RESERVADO A LOS PROFESIONALES?<\/h3>\n\n\n\n<p style=\"font-size:18px\">Dado que la mayor\u00eda de los programas de fidelizaci\u00f3n est\u00e1n destinados al consumidor final, SEAMAID desea dar las gracias a todos los profesionales de la piscina y del paisajismo en Europa.<\/p>\n\n\n\n<p style=\"font-size:18px\">Algunos de ustedes instalan iluminaci\u00f3n LED SEAMAID desde hace muchos a\u00f1os, y este programa desea premiarles por su confianza y fidelidad. Les permite acumular puntos en funci\u00f3n de la cantidad gastada en sus productos SEAMAID.<\/p>\n\n\n\n<p style=\"font-size:18px\">Para acceder a premios tales como productos ofertados, tarjetas regalo, estancias y muchas otras cosas, no espere m\u00e1s a afiliarse al programa.<\/p>\n<\/div>\n<\/div>\n\n\n\n<div style=\"height:15px\" aria-hidden=\"true\" class=\"wp-block-spacer\"><\/div>\n\n\n\n<h3 class=\"has-text-align-center\"><strong>\u00bfNO ES TODAV\u00cdA CLIENTE PROFESIONAL SEAMAID, PERO DESEA BENEFICIARSE DEL PROGRAMA FIDELIDAD?<\/strong><\/h3>\n\n\n\n<p style=\"font-size:18px\">Nuestro programa fidelidad est\u00e1 abierto a todos los profesionales constructores de piscinas, reformadores de piscinas, encargados de mantenimiento o instaladores de equipos, y en particular, de iluminaci\u00f3n LED en Europa.<\/p>\n\n\n\n<p style=\"font-size:18px\">\u00a1Si es as\u00ed, tambi\u00e9n puede unirse a la comunidad profesional SEAMAID!<\/p>\n\n\n\n<figure class=\"wp-block-pullquote is-style-default\" style=\"border-color:#0693e3\"><blockquote class=\"has-text-color has-vivid-cyan-blue-color\"><p><strong>\u00a1El hecho de proponer SEAMAID a sus clientes significa elegir el l\u00edder de iluminaci\u00f3n LED Piscina y Jard\u00edn, as\u00ed como unos productos fiables, f\u00e1ciles de instalar, f\u00e1ciles de utilizar y conformes con la normativa europea!<\/strong><\/p><\/blockquote><\/figure>\n\n\n\n<h3 class=\"has-text-align-center\"><strong>\u00bfC\u00d3MO FUNCIONA EL PROGRAMA FIDELIDAD?<\/strong><\/h3>\n\n\n\n<p style=\"font-size:18px\">Los productos incluidos en el programa fidelidad tienen un determinado n\u00famero de puntos en funci\u00f3n de su valor.<\/p>\n\n\n\n<p class=\"has-vivid-cyan-blue-color has-text-color\" style=\"font-size:18px\"><em><a href=\"https:\/\/clients.seamaid-lighting.com\/pdf\/Products_loyalty_program.pdf\">Consulte la lista de productos que pueden acogerse al programa de fidelidad.<\/a><\/em><\/p>\n\n\n\n<p style=\"font-size:18px\">Cuando usted compre productos SEAMAID a su distribuidor habitual y los registre en el sitio web SEAMAID, conseguir\u00e1 a cambio un determinado n\u00famero de puntos.<\/p>\n\n\n\n<p style=\"font-size:18px\">Posteriormente, podr\u00e1 convertirlos con rapidez en regalos o bien acumularlos para poder acceder a unos premios m\u00e1s importantes\u2026 \u00a1usted decide!<\/p>\n\n\n\n<figure class=\"wp-block-pullquote\" style=\"border-color:#0693e3\"><blockquote class=\"has-text-color has-vivid-cyan-blue-color\"><p><strong>\u00a1Acumule puntos fidelidad desde su primera compra!<\/strong><\/p><\/blockquote><\/figure>\n\n\n\n<h3 class=\"has-text-align-center\"><strong>\u00bfC\u00d3MO AFILIARSE AL PROGRAMA FIDELIDAD SEAMAID?<\/strong><\/h3>\n\n\n\n<p class=\"has-medium-font-size\"><strong><span class=\"has-inline-color has-vivid-cyan-blue-color\"><strong>1 )<\/strong><\/span><\/strong><span class=\"has-inline-color has-black-color\">&nbsp;<strong>Vaya a la pesta\u00f1a <\/strong>\u00abAtenci\u00f3n al cliente\u00bb y, a continuaci\u00f3n, \u00abFidelidad\u00bb,<\/span><\/p>\n\n\n\n<p class=\"has-medium-font-size\"><span class=\"has-inline-color has-vivid-cyan-blue-color\"><strong><strong>2 )<\/strong><\/strong><\/span><span class=\"has-inline-color has-black-color\">&nbsp;<strong>Haga clic en <\/strong>\u00ab<em>afiliaci\u00f3n<\/em>\u00bb y Con\u00e9ctese o cree su cuenta profesional,<\/span><\/p>\n\n\n\n<p class=\"has-medium-font-size\"><strong><span class=\"has-inline-color has-vivid-cyan-blue-color\"><strong>3 )<\/strong><\/span><\/strong><span class=\"has-inline-color has-black-color\">&nbsp;<strong>En el men\u00fa<\/strong> situado a la izquierda, haga clic en \u00ab<em>mi programa fidelidad<\/em>\u00bb,<\/span><\/p>\n\n\n\n<p class=\"has-medium-font-size\"><strong><span class=\"has-inline-color has-vivid-cyan-blue-color\">4 ) <\/span><strong>Seleccione <\/strong><\/strong><em>\u00abregistrar mis productos\u00bb,<\/em><\/p>\n\n\n\n<p class=\"has-medium-font-size\"><strong><span class=\"has-inline-color has-vivid-cyan-blue-color\">5 ) <\/span><\/strong>Llene los campos exigidos y no olvide adjuntar su <strong>factura de compra<\/strong> para que su solicitud est\u00e9<strong> completa <\/strong>(una factura equivale a un registro).<\/p>\n\n\n\n<div style=\"height:40px\" aria-hidden=\"true\" class=\"wp-block-spacer\"><\/div>\n\n\n\n<div class=\"wp-block-columns are-vertically-aligned-center\">\n<div class=\"wp-block-column is-vertically-aligned-center\">\n<h3 class=\"has-text-align-center\"><strong><strong>\u00a1NO HAY NADA M\u00c1S F\u00c1CIL QUE CONVERTIR SU BOTE DE PUNTOS FIDELIDAD EN REGALOS!<\/strong><\/strong><\/h3>\n\n\n\n<p style=\"font-size:18px\">Una vez conectado a su espacio profesional del sitio web SEAMAID, podr\u00e1 consultar el n\u00famero de puntos que ha acumulado con sus compras.<\/p>\n\n\n\n<p style=\"font-size:18px\">En su cuenta, en la pesta\u00f1a \u00abMi programa fidelidad\u00bb, seleccione \u00abutilizar mis puntos\u00bb y elija en la lista proporcionada el regalo que desea en funci\u00f3n de sus puntos disponibles.<\/p>\n\n\n\n<p style=\"font-size:18px\">Haga clic en \u00ab<em>mostrar la descripci\u00f3n<\/em>\u00bb para ver m\u00e1s informaci\u00f3n sobre su regalo. Si este regalo le parece bien, haga clic en \u00ab<em>solicitar este producto<\/em>\u00bb y, a continuaci\u00f3n, en \u00ab<em>confirmar<\/em>\u00bb.<\/p>\n<\/div>\n\n\n\n<div class=\"wp-block-column is-vertically-aligned-center\">\n<div class=\"wp-block-image\"><figure class=\"aligncenter size-large is-resized\"><img loading=\"lazy\" src=\"https:\/\/clients.seamaid-lighting.com\/wp-content\/uploads\/2023\/04\/AdobeStock_535771793-copie-700x568.jpg\" alt=\"\" class=\"wp-image-20092\" width=\"525\" height=\"426\" srcset=\"https:\/\/clients.seamaid-lighting.com\/wp-content\/uploads\/2023\/04\/AdobeStock_535771793-copie-700x568.jpg 700w, https:\/\/clients.seamaid-lighting.com\/wp-content\/uploads\/2023\/04\/AdobeStock_535771793-copie-300x243.jpg 300w, https:\/\/clients.seamaid-lighting.com\/wp-content\/uploads\/2023\/04\/AdobeStock_535771793-copie-768x623.jpg 768w, https:\/\/clients.seamaid-lighting.com\/wp-content\/uploads\/2023\/04\/AdobeStock_535771793-copie-1536x1246.jpg 1536w, https:\/\/clients.seamaid-lighting.com\/wp-content\/uploads\/2023\/04\/AdobeStock_535771793-copie-2048x1661.jpg 2048w, https:\/\/clients.seamaid-lighting.com\/wp-content\/uploads\/2023\/04\/AdobeStock_535771793-copie-1920x1557.jpg 1920w, https:\/\/clients.seamaid-lighting.com\/wp-content\/uploads\/2023\/04\/AdobeStock_535771793-copie-120x97.jpg 120w\" sizes=\"(max-width: 525px) 100vw, 525px\" \/><\/figure><\/div>\n<\/div>\n<\/div>\n\n\n\n<figure class=\"wp-block-pullquote\" style=\"border-color:#0693e3\"><blockquote class=\"has-text-color has-vivid-cyan-blue-color\"><p><strong>\u00a1Acumule su n\u00famero de puntos y acceda a los mejores premios!<a href=\"https:\/\/clients.seamaid-lighting.com\/pdf\/Liste_recompense_ES.pdf\"> Descubra los premios<\/a><\/strong><\/p><\/blockquote><\/figure>\n\n\n\n<h3 class=\"has-text-align-center\"><strong>OFERTA ESPECIAL DE LANZAMIENTO<\/strong><\/h3>\n\n\n\n<p style=\"font-size:18px\">\u00bfEs usted cliente de SEAMAID y ha guardado sus facturas de 2022?<\/p>\n\n\n\n<p style=\"font-size:18px\">Buenas noticias\u2026 \u00a1reg\u00edstrelas ahora para empezar a acumular puntos fidelidad!<\/p>\n\n\n\n<p class=\"has-text-align-left\" style=\"font-size:18px\">\u00a1Cree f\u00e1cil y r\u00e1pidamente su espacio profesional y disfrute de la experiencia del programa fidelidad SEAMAID!<\/p>\n\n\n\n<div style=\"height:70px\" aria-hidden=\"true\" class=\"wp-block-spacer\"><\/div>\n\n\n\n<div class=\"wp-block-buttons aligncenter\">\n<div class=\"wp-block-button is-style-fill fidelite-adherent\"><a class=\"wp-block-button__link has-white-color has-text-color has-background\" href=\"https:\/\/clients.seamaid-lighting.com\/es\/connexion\/\" style=\"border-radius:5px;background:linear-gradient(180deg,rgb(234,126,118) 0%,rgb(234,80,69) 100%)\"><strong>Visite<\/strong><\/a><\/div>\n\n\n\n<div class=\"wp-block-button is-style-fill fidelite-enregisteerproduit\"><a class=\"wp-block-button__link has-white-color has-text-color has-background\" href=\"https:\/\/clients.seamaid-lighting.com\/es\/recompense-fidelite\/\" style=\"border-radius:5px;background:linear-gradient(180deg,rgb(234,126,118) 0%,rgb(234,80,69) 100%)\"><strong>Registrar mis productos<\/strong><\/a><\/div>\n<\/div>\n\n\n\n<div style=\"height:250px\" aria-hidden=\"true\" class=\"wp-block-spacer\"><\/div>\n\n\n\n<p><\/p>\n","protected":false},"excerpt":{"rendered":"&nbsp; Independientemente de que usted construya, reforme, se ocupe del mantenimiento de piscinas y, en particular, de la iluminaci\u00f3n LED&#8230; \u00a1este programa es para usted! \u00bfUN PROGRAMA DE FIDELIDAD RESERVADO A LOS PROFESIONALES? Dado que la mayor\u00eda de los programas de fidelizaci\u00f3n est\u00e1n destinados al consumidor final, SEAMAID desea dar las gracias a todos los&#8230; <a class=\"view-article\" href=\"https:\/\/clients.seamaid-lighting.com\/es\/programa-fidelidad\/\">Ver art\u00edculo<\/a>","protected":false},"author":4578,"featured_media":20084,"parent":0,"menu_order":0,"comment_status":"closed","ping_status":"closed","template":"","meta":[],"_links":{"self":[{"href":"https:\/\/clients.seamaid-lighting.com\/es\/wp-json\/wp\/v2\/pages\/20531"}],"collection":[{"href":"https:\/\/clients.seamaid-lighting.com\/es\/wp-json\/wp\/v2\/pages"}],"about":[{"href":"https:\/\/clients.seamaid-lighting.com\/es\/wp-json\/wp\/v2\/types\/page"}],"author":[{"embeddable":true,"href":"https:\/\/clients.seamaid-lighting.com\/es\/wp-json\/wp\/v2\/users\/4578"}],"replies":[{"embeddable":true,"href":"https:\/\/clients.seamaid-lighting.com\/es\/wp-json\/wp\/v2\/comments?post=20531"}],"version-history":[{"count":4,"href":"https:\/\/clients.seamaid-lighting.com\/es\/wp-json\/wp\/v2\/pages\/20531\/revisions"}],"predecessor-version":[{"id":21945,"href":"https:\/\/clients.seamaid-lighting.com\/es\/wp-json\/wp\/v2\/pages\/20531\/revisions\/21945"}],"wp:featuredmedia":[{"embeddable":true,"href":"https:\/\/clients.seamaid-lighting.com\/es\/wp-json\/wp\/v2\/media\/20084"}],"wp:attachment":[{"href":"https:\/\/clients.seamaid-lighting.com\/es\/wp-json\/wp\/v2\/media?parent=20531"}],"curies":[{"name":"wp","href":"https:\/\/api.w.org\/{rel}","templated":true}]}}