{"id":20532,"date":"2023-04-21T10:31:19","date_gmt":"2023-04-21T08:31:19","guid":{"rendered":"https:\/\/clients.seamaid-lighting.com\/?page_id=20532"},"modified":"2023-05-26T16:54:55","modified_gmt":"2023-05-26T14:54:55","slug":"programma-fedelta-2","status":"publish","type":"page","link":"https:\/\/clients.seamaid-lighting.com\/it\/programma-fedelta-2\/","title":{"rendered":"Programma fedelt\u00e0"},"content":{"rendered":"<hr style=\"border: 1px solid lightgray;\">\n<h3>&nbsp;<\/h3>\n<h2 style=\"text-align: center;\">costruite, ristrutturate, vi occupate della manutenzione di piscine o installate apparecchiature e in particolare illuminazioni a LED? Allora questo programma fa al caso vostro!<\/h2>\n\n\n<div style=\"height:30px\" aria-hidden=\"true\" class=\"wp-block-spacer\"><\/div>\n\n\n\n<div class=\"wp-block-columns are-vertically-aligned-center\">\n<div class=\"wp-block-column is-vertically-aligned-center\">\n<div class=\"wp-block-image is-style-default\"><figure class=\"aligncenter size-large is-resized\"><a href=\"https:\/\/clients.seamaid-lighting.com\/pdf\/Liste_recompense_IT.pdf\"><img loading=\"lazy\" src=\"https:\/\/clients.seamaid-lighting.com\/wp-content\/uploads\/2023\/04\/Depositphotos_67088559_DS-700x453.jpg\" alt=\"\" class=\"wp-image-20085\" width=\"525\" height=\"340\" srcset=\"https:\/\/clients.seamaid-lighting.com\/wp-content\/uploads\/2023\/04\/Depositphotos_67088559_DS-700x453.jpg 700w, https:\/\/clients.seamaid-lighting.com\/wp-content\/uploads\/2023\/04\/Depositphotos_67088559_DS-300x194.jpg 300w, https:\/\/clients.seamaid-lighting.com\/wp-content\/uploads\/2023\/04\/Depositphotos_67088559_DS-768x497.jpg 768w, https:\/\/clients.seamaid-lighting.com\/wp-content\/uploads\/2023\/04\/Depositphotos_67088559_DS-1536x994.jpg 1536w, https:\/\/clients.seamaid-lighting.com\/wp-content\/uploads\/2023\/04\/Depositphotos_67088559_DS-2048x1325.jpg 2048w, https:\/\/clients.seamaid-lighting.com\/wp-content\/uploads\/2023\/04\/Depositphotos_67088559_DS-1920x1242.jpg 1920w, https:\/\/clients.seamaid-lighting.com\/wp-content\/uploads\/2023\/04\/Depositphotos_67088559_DS-120x78.jpg 120w\" sizes=\"(max-width: 525px) 100vw, 525px\" \/><\/a><\/figure><\/div>\n\n\n\n<div class=\"wp-block-buttons aligncenter\">\n<div class=\"wp-block-button\"><a class=\"wp-block-button__link has-background\" href=\"https:\/\/clients.seamaid-lighting.com\/pdf\/Products_loyalty_program.pdf\" style=\"border-radius:6px;background:linear-gradient(135deg,rgb(234,126,118) 0%,rgb(234,80,69) 100%)\">Prodotti idonei al programma fedelt\u00e0<\/a><\/div>\n<\/div>\n\n\n\n<div class=\"wp-block-buttons aligncenter\">\n<div class=\"wp-block-button\"><a class=\"wp-block-button__link has-background\" href=\"https:\/\/clients.seamaid-lighting.com\/pdf\/Liste_recompense_IT.pdf\" style=\"border-radius:6px;background:linear-gradient(135deg,rgb(234,126,118) 0%,rgb(234,80,69) 100%)\">Premi del programma fedelt\u00e0<\/a><\/div>\n<\/div>\n<\/div>\n\n\n\n<div class=\"wp-block-column is-vertically-aligned-center\">\n<h3 class=\"has-text-align-center\">UN PROGRAMMA FEDELT\u00c0 RISERVATO AI PROFESSIONISTI?<\/h3>\n\n\n\n<p style=\"font-size:18px\">Poich\u00e9 la maggior parte dei programmi di fidelizzazione \u00e8 destinata al consumatore finale, SEAMAID desidera ringraziare tutti i professionisti dei settori piscine e architettura del paesaggio in Europa.<\/p>\n\n\n\n<p style=\"font-size:18px\">Alcuni di voi installano gli apparecchi di illuminazione a LED SEAMAID da molti anni; questo programma vi premia per la vostra fiducia e per la vostra fedelt\u00e0. Vi permette di accumulare dei punti in base all&#8217;importo speso per i vostri prodotti SEAMAID.<\/p>\n\n\n\n<p style=\"font-size:18px\">Per accedere a premi come prodotti regalo, carte regalo, vacanze e molto altro, non aspettate oltre per aderire al programma<\/p>\n<\/div>\n<\/div>\n\n\n\n<div style=\"height:16px\" aria-hidden=\"true\" class=\"wp-block-spacer\"><\/div>\n\n\n\n<h3 class=\"has-text-align-center\"><strong>NON SIETE ANCORA CLIENTI PROFESSIONISTI SEAMAID MA DESIDERATE APPROFITTARE DEL PROGRAMMA FEDELT\u00c0?<\/strong><\/h3>\n\n\n\n<p style=\"font-size:18px\">Il nostro programma fedelt\u00e0 \u00e8 aperto a tutti i professionisti costruttori di piscine, che si occupano della ristrutturazione di piscine, della manutenzione o dell&#8217;installazione di apparecchiature e in particolare di illuminazioni a LED in Europa.<\/p>\n\n\n\n<p style=\"font-size:18px\">Entrate quindi anche voi a far parte della comunit\u00e0 di professionisti SEAMAID!<\/p>\n\n\n\n<figure class=\"wp-block-pullquote is-style-default\" style=\"border-color:#0693e3\"><blockquote class=\"has-text-color has-vivid-cyan-blue-color\"><p><strong>Proporre SEAMAID ai vostri clienti significa scegliere il leader dell&#8217;illuminazione a LED per piscine e giardini, prodotti affidabili, facili da installare, facili da utilizzare e conformi alle normative europee!<\/strong><\/p><\/blockquote><\/figure>\n\n\n\n<h3 class=\"has-text-align-center\"><strong>COME FUNZIONA IL PROGRAMMA FEDELT\u00c0?<\/strong><\/h3>\n\n\n\n<p style=\"font-size:18px\">I prodotti interessati dal programma fedelt\u00e0 hanno ognuno un numero di punti specifico in base al relativo valore.<\/p>\n\n\n\n<p class=\"has-vivid-cyan-blue-color has-text-color\" style=\"font-size:18px\"><em><a href=\"https:\/\/clients.seamaid-lighting.com\/pdf\/Products_loyalty_program.pdf\">Consulta l&#8217;elenco dei prodotti idonei al programma fedelt\u00e0.<\/a><\/em><\/p>\n\n\n\n<p style=\"font-size:18px\">Quando acquistate dei prodotti SEAMAID presso il vostro distributore abituale e li registrate sul sito Internet SEAMAID, ottenete in cambio un certo numero di punti.<\/p>\n\n\n\n<p style=\"font-size:18px\">Potrete quindi convertirli rapidamente in regali o accumularli per avere accesso a premi pi\u00f9 importanti, a voi la scelta!<\/p>\n\n\n\n<figure class=\"wp-block-pullquote\" style=\"border-color:#0693e3\"><blockquote class=\"has-text-color has-vivid-cyan-blue-color\"><p><strong>Potete accumulare punti fedelt\u00e0 fin dal vostro primo acquisto!<\/strong><\/p><\/blockquote><\/figure>\n\n\n\n<h3 class=\"has-text-align-center\"><strong>COME ADERIRE AL PROGRAMMA FEDELT\u00c0 SEAMAID?<\/strong><\/h3>\n\n\n\n<p class=\"has-medium-font-size\"><strong><span class=\"has-inline-color has-vivid-cyan-blue-color\"><strong>1 )<\/strong><\/span><\/strong><span class=\"has-inline-color has-black-color\">&nbsp;<strong>Andate nella scheda <\/strong>&#8220;Servizio clienti&#8221; e poi &#8220;Fedelt\u00e0&#8221;,<\/span><\/p>\n\n\n\n<p class=\"has-medium-font-size\"><span class=\"has-inline-color has-vivid-cyan-blue-color\"><strong><strong>2 )<\/strong><\/strong><\/span><span class=\"has-inline-color has-black-color\">&nbsp;<strong>Fate clic su <\/strong>&#8220;Aderisci&#8221; e accedete o create il vostro account professionale,<\/span><\/p>\n\n\n\n<p class=\"has-medium-font-size\"><strong><span class=\"has-inline-color has-vivid-cyan-blue-color\"><strong>3 )<\/strong><\/span><\/strong><span class=\"has-inline-color has-black-color\">&nbsp;Nel men\u00f9 a sinistra, <strong>fate clic su<\/strong> &#8220;Il mio programma fedelt\u00e0&#8221;,<\/span><\/p>\n\n\n\n<p class=\"has-medium-font-size\"><strong><span class=\"has-inline-color has-vivid-cyan-blue-color\">4 ) <\/span><strong>Selezionate <\/strong><\/strong>&#8220;Registra i miei prodotti&#8221;,<\/p>\n\n\n\n<p class=\"has-medium-font-size\"><strong><span class=\"has-inline-color has-vivid-cyan-blue-color\">5 ) <\/span><\/strong>Compilate i campi richiesti e non dimenticate di allegare la vostra fattura di acquisto, in modo che la vostra richiesta sia completa (1 fattura equivale a 1 registrazione).<\/p>\n\n\n\n<div style=\"height:40px\" aria-hidden=\"true\" class=\"wp-block-spacer\"><\/div>\n\n\n\n<div class=\"wp-block-columns are-vertically-aligned-center\">\n<div class=\"wp-block-column is-vertically-aligned-center\">\n<h3 class=\"has-text-align-center\"><strong><strong>CONVERTIRE I VOSTRI PUNTI FEDELT\u00c0 IN REGALI NON POTREBBE ESSERE PI\u00d9 FACILE!<\/strong><\/strong><\/h3>\n\n\n\n<p style=\"font-size:18px\">Dopo avere effettuato l\u2019accesso alla vostra area professionale sul sito SEAMAID, potrete seguire il numero di punti che avete accumulato in seguito ai vostri acquisti.<\/p>\n\n\n\n<p style=\"font-size:18px\">Sul vostro account, nella scheda &#8220;Il mio programma fedelt\u00e0&#8221;, selezionate &#8220;Utilizza i miei punti&#8221; e scegliete nell&#8217;elenco messo a vostra disposizione il regalo che desiderate in base ai punti che avete accumulato.<\/p>\n\n\n\n<p style=\"font-size:18px\">Fate clic su &#8220;<em>Mostra la descrizione<\/em>&#8221; per avere maggiori informazioni sul vostro regalo. Se il regalo \u00e8 di vostro gradimento, cliccate su &#8220;<em>Richiedi questo prodotto<\/em>&#8221; e poi su &#8220;<em>Conferma<\/em>&#8220;.<\/p>\n<\/div>\n\n\n\n<div class=\"wp-block-column is-vertically-aligned-center\">\n<div class=\"wp-block-image\"><figure class=\"aligncenter size-large is-resized\"><img loading=\"lazy\" src=\"https:\/\/clients.seamaid-lighting.com\/wp-content\/uploads\/2023\/04\/AdobeStock_535771793-copie-700x568.jpg\" alt=\"\" class=\"wp-image-20092\" width=\"525\" height=\"426\" srcset=\"https:\/\/clients.seamaid-lighting.com\/wp-content\/uploads\/2023\/04\/AdobeStock_535771793-copie-700x568.jpg 700w, https:\/\/clients.seamaid-lighting.com\/wp-content\/uploads\/2023\/04\/AdobeStock_535771793-copie-300x243.jpg 300w, https:\/\/clients.seamaid-lighting.com\/wp-content\/uploads\/2023\/04\/AdobeStock_535771793-copie-768x623.jpg 768w, https:\/\/clients.seamaid-lighting.com\/wp-content\/uploads\/2023\/04\/AdobeStock_535771793-copie-1536x1246.jpg 1536w, https:\/\/clients.seamaid-lighting.com\/wp-content\/uploads\/2023\/04\/AdobeStock_535771793-copie-2048x1661.jpg 2048w, https:\/\/clients.seamaid-lighting.com\/wp-content\/uploads\/2023\/04\/AdobeStock_535771793-copie-1920x1557.jpg 1920w, https:\/\/clients.seamaid-lighting.com\/wp-content\/uploads\/2023\/04\/AdobeStock_535771793-copie-120x97.jpg 120w\" sizes=\"(max-width: 525px) 100vw, 525px\" \/><\/figure><\/div>\n<\/div>\n<\/div>\n\n\n\n<figure class=\"wp-block-pullquote\" style=\"border-color:#0693e3\"><blockquote class=\"has-text-color has-vivid-cyan-blue-color\"><p><strong>Sbloccate i premi pi\u00f9 grandi accumulando i vostri punti! <a href=\"https:\/\/clients.seamaid-lighting.com\/pdf\/Liste_recompense_IT.pdf\">Scopri i premi<\/a><\/strong><\/p><\/blockquote><\/figure>\n\n\n\n<h3 class=\"has-text-align-center\"><strong>OFFERTA SPECIALE DI LANCIO<\/strong><\/h3>\n\n\n\n<p style=\"font-size:18px\">Siete gi\u00e0 clienti SEAMAID e avete conservato le vostre fatture del 2022?<\/p>\n\n\n\n<p style=\"font-size:18px\">Ecco una buona notizia: potete registrarle subito per cominciare ad accumulare punti fedelt\u00e0!<\/p>\n\n\n\n<p class=\"has-text-align-left\" style=\"font-size:18px\">Create in modo semplice e rapido la vostra area professionale e vivete l&#8217;esperienza del programma fedelt\u00e0 SEAMAID!<\/p>\n\n\n\n<div style=\"height:70px\" aria-hidden=\"true\" class=\"wp-block-spacer\"><\/div>\n\n\n\n<div class=\"wp-block-buttons aligncenter\">\n<div class=\"wp-block-button is-style-fill fidelite-adherent\"><a class=\"wp-block-button__link has-white-color has-text-color has-background\" href=\"https:\/\/clients.seamaid-lighting.com\/it\/connexion\/\" style=\"border-radius:5px;background:linear-gradient(180deg,rgb(234,126,118) 0%,rgb(234,80,69) 100%)\"><strong>Unirsi<\/strong><\/a><\/div>\n\n\n\n<div class=\"wp-block-button is-style-fill fidelite-enregisteerproduit\"><a class=\"wp-block-button__link has-white-color has-text-color has-background\" href=\"https:\/\/clients.seamaid-lighting.com\/it\/recompense-fidelite\/\" style=\"border-radius:5px;background:linear-gradient(180deg,rgb(234,126,118) 0%,rgb(234,80,69) 100%)\"><strong>Registra i miei prodotti<\/strong><\/a><\/div>\n<\/div>\n\n\n\n<div style=\"height:250px\" aria-hidden=\"true\" class=\"wp-block-spacer\"><\/div>\n\n\n\n<p><\/p>\n","protected":false},"excerpt":{"rendered":"&nbsp; costruite, ristrutturate, vi occupate della manutenzione di piscine o installate apparecchiature e in particolare illuminazioni a LED? Allora questo programma fa al caso vostro! UN PROGRAMMA FEDELT\u00c0 RISERVATO AI PROFESSIONISTI? Poich\u00e9 la maggior parte dei programmi di fidelizzazione \u00e8 destinata al consumatore finale, SEAMAID desidera ringraziare tutti i professionisti dei settori piscine e architettura&#8230; <a class=\"view-article\" href=\"https:\/\/clients.seamaid-lighting.com\/it\/programma-fedelta-2\/\">Mostra articolo<\/a>","protected":false},"author":4578,"featured_media":20083,"parent":0,"menu_order":0,"comment_status":"closed","ping_status":"closed","template":"","meta":[],"_links":{"self":[{"href":"https:\/\/clients.seamaid-lighting.com\/it\/wp-json\/wp\/v2\/pages\/20532"}],"collection":[{"href":"https:\/\/clients.seamaid-lighting.com\/it\/wp-json\/wp\/v2\/pages"}],"about":[{"href":"https:\/\/clients.seamaid-lighting.com\/it\/wp-json\/wp\/v2\/types\/page"}],"author":[{"embeddable":true,"href":"https:\/\/clients.seamaid-lighting.com\/it\/wp-json\/wp\/v2\/users\/4578"}],"replies":[{"embeddable":true,"href":"https:\/\/clients.seamaid-lighting.com\/it\/wp-json\/wp\/v2\/comments?post=20532"}],"version-history":[{"count":5,"href":"https:\/\/clients.seamaid-lighting.com\/it\/wp-json\/wp\/v2\/pages\/20532\/revisions"}],"predecessor-version":[{"id":21943,"href":"https:\/\/clients.seamaid-lighting.com\/it\/wp-json\/wp\/v2\/pages\/20532\/revisions\/21943"}],"wp:featuredmedia":[{"embeddable":true,"href":"https:\/\/clients.seamaid-lighting.com\/it\/wp-json\/wp\/v2\/media\/20083"}],"wp:attachment":[{"href":"https:\/\/clients.seamaid-lighting.com\/it\/wp-json\/wp\/v2\/media?parent=20532"}],"curies":[{"name":"wp","href":"https:\/\/api.w.org\/{rel}","templated":true}]}}